{"id":27,"date":"2016-12-07T14:50:49","date_gmt":"2016-12-07T14:50:49","guid":{"rendered":"http:\/\/betatest.weplanag.ch\/?page_id=27"},"modified":"2018-01-25T16:26:19","modified_gmt":"2018-01-25T15:26:19","slug":"aktuelle-projekte-2","status":"publish","type":"page","link":"https:\/\/weplanag.ch\/?page_id=27","title":{"rendered":"Leistungen"},"content":{"rendered":"<p><strong>Architektur<\/strong><\/p>\n<p>Seit 30 Jahren planen und realisieren wir\u00a0Geb\u00e4ude allerart.<br \/>\nF\u00fcr unsere Kunden bieten wir das komplette Leistungsprofil eines professionellen Architektur- und Planungsb\u00fcros an. Unsere Kernkompetenz liegt vor allem in der sorgf\u00e4ltigen Planung vom \u00e4sthetisch ansprechenden Wohn- und Gewerbebauten.\u00a0Der Blick f\u00fcrs Detail, der Anspruch an eine hochwertige Materialwahl und Verarbeitung sowie \u00a0Stilsicherheit sind unsere St\u00e4rken.<\/p>\n<ul>\n<li>Vorprojektstudien<\/li>\n<li>Projektierung und Bewilligungsverfahren<\/li>\n<li>Baukostenermittlung<\/li>\n<li>Ausf\u00fchrungsplanung<\/li>\n<li>Planung und Gestaltung Innenausbau<\/li>\n<li>Gesamtplanung und Koordination der Fachplaner<\/li>\n<\/ul>\n<p><strong>Baumanagement<\/strong><\/p>\n<p>Wir bieten Ihnen ein \u00a0kompetentes Baumanagement sowie eine fachlich versierte Bauleitung. \u00a0Eine p\u00fcnktliche, kostengerechte und qualitativ einwandfreie Ausf\u00fchrung ist unser oberstes Ziel.\u00a0\u00a0Zuverl\u00e4ssigkeit, Durchsetzungsverm\u00f6gen und Verhandlungsgeschick machen den \u00a0Unterschied aus. Der letzte Schliff, entscheidet oft \u00fcber \u00a0den ersten Eindruck.<\/p>\n<ul>\n<li>Kostenplanung<\/li>\n<li>Ausschreibungen, Offertvergleiche, Wewrkvertr\u00e4ge<\/li>\n<li>Koordination der Bauabl\u00e4ufe und Gewerke<\/li>\n<li>Baustellen-Controlling inkl. Termin- und Kosten\u00fcberwachung<\/li>\n<li>Bauleitung<\/li>\n<\/ul>\n","protected":false},"excerpt":{"rendered":"<p>Architektur Seit 30 Jahren planen und realisieren wir\u00a0Geb\u00e4ude allerart. F\u00fcr unsere Kunden bieten wir das komplette Leistungsprofil eines professionellen Architektur- und Planungsb\u00fcros an. Unsere Kernkompetenz liegt vor allem in der sorgf\u00e4ltigen Planung vom \u00e4sthetisch ansprechenden Wohn- und Gewerbebauten.\u00a0Der Blick f\u00fcrs Detail, der Anspruch an eine hochwertige Materialwahl und Verarbeitung sowie \u00a0Stilsicherheit sind unsere St\u00e4rken. Vorprojektstudien &hellip; <\/p>\n<p class=\"link-more\"><a href=\"https:\/\/weplanag.ch\/?page_id=27\" class=\"more-link\"><span class=\"screen-reader-text\">\u201eLeistungen\u201c<\/span> weiterlesen<\/a><\/p>\n","protected":false},"author":1,"featured_media":0,"parent":0,"menu_order":0,"comment_status":"closed","ping_status":"closed","template":"","meta":{"footnotes":""},"class_list":["post-27","page","type-page","status-publish","hentry"],"_links":{"self":[{"href":"https:\/\/weplanag.ch\/index.php?rest_route=\/wp\/v2\/pages\/27","targetHints":{"allow":["GET"]}}],"collection":[{"href":"https:\/\/weplanag.ch\/index.php?rest_route=\/wp\/v2\/pages"}],"about":[{"href":"https:\/\/weplanag.ch\/index.php?rest_route=\/wp\/v2\/types\/page"}],"author":[{"embeddable":true,"href":"https:\/\/weplanag.ch\/index.php?rest_route=\/wp\/v2\/users\/1"}],"replies":[{"embeddable":true,"href":"https:\/\/weplanag.ch\/index.php?rest_route=%2Fwp%2Fv2%2Fcomments&post=27"}],"version-history":[{"count":14,"href":"https:\/\/weplanag.ch\/index.php?rest_route=\/wp\/v2\/pages\/27\/revisions"}],"predecessor-version":[{"id":388,"href":"https:\/\/weplanag.ch\/index.php?rest_route=\/wp\/v2\/pages\/27\/revisions\/388"}],"wp:attachment":[{"href":"https:\/\/weplanag.ch\/index.php?rest_route=%2Fwp%2Fv2%2Fmedia&parent=27"}],"curies":[{"name":"wp","href":"https:\/\/api.w.org\/{rel}","templated":true}]}}