{"id":70,"date":"2016-12-08T12:02:16","date_gmt":"2016-12-08T12:02:16","guid":{"rendered":"http:\/\/betatest.weplanag.ch\/?page_id=70"},"modified":"2021-05-12T12:46:31","modified_gmt":"2021-05-12T11:46:31","slug":"team","status":"publish","type":"page","link":"https:\/\/weplanag.ch\/?page_id=70","title":{"rendered":"Team"},"content":{"rendered":"<p><strong><img loading=\"lazy\" decoding=\"async\" class=\"alignleft wp-image-271 size-medium\" style=\"display: inline-block; min-width: 20px !important; min-height: 20px !important; border: 1px solid rgba(0, 0, 0, 0.1) !important; background: #ffffff url('data:image\/png;base64,iVBORw0KGgoAAAANSUhEUgAAAAoAAAAKCAAAAACoWZBhAAAABGdBTUEAALGPC\/xhBQAAAAJiS0dEAP+Hj8y\/AAAAB3RJTUUH3wwIAAgyL\/YaPAAAACJJREFUCFtjfMbOAAQ\/gZiFnQPEBAEmGIMIJgtIL8QEgtoAIn4D\/96X1KAAAAAldEVYdGRhdGU6Y3JlYXRlADIwMTUtMTItMDhUMDA6MDg6NTArMDM6MDAasuuJAAAAJXRFWHRkYXRlOm1vZGlmeQAyMDE1LTEyLTA4VDAwOjA4OjUwKzAzOjAwa+9TNQAAAABJRU5ErkJggg==') repeat scroll 0% 0% !important;\" src=\"http:\/\/betatest.weplanag.ch\/wp-content\/uploads\/2017\/11\/001-Patrik-von-D\u00e4niken-300x200.jpg\" alt=\"\" width=\"300\" height=\"200\" srcset=\"https:\/\/weplanag.ch\/wp-content\/uploads\/2017\/11\/001-Patrik-von-D\u00e4niken-300x200.jpg 300w, https:\/\/weplanag.ch\/wp-content\/uploads\/2017\/11\/001-Patrik-von-D\u00e4niken-768x512.jpg 768w, https:\/\/weplanag.ch\/wp-content\/uploads\/2017\/11\/001-Patrik-von-D\u00e4niken-1024x683.jpg 1024w, https:\/\/weplanag.ch\/wp-content\/uploads\/2017\/11\/001-Patrik-von-D\u00e4niken.jpg 1500w\" sizes=\"auto, (max-width: 300px) 100vw, 300px\" \/>Patrik von D\u00e4niken<\/strong><br \/>Gesch\u00e4ftsf\u00fchrer<br \/>Dipl. Architekt FH<br \/><span style=\"font-size: 1rem;\">CAS Bauorganisation<br \/><\/span>CAS Baukostenplanung<\/p>\n<p>T. 062 822 21 12<br \/><a href=\"mailto:pvd@weplanag.ch\"> pvd@weplanag.ch<\/a><\/p>\n<p><strong><img loading=\"lazy\" decoding=\"async\" class=\"alignleft wp-image-272 size-medium\" style=\"display: inline-block; min-width: 20px !important; min-height: 20px !important; border: 1px solid rgba(0, 0, 0, 0.1) !important; background: #ffffff url('data:image\/png;base64,iVBORw0KGgoAAAANSUhEUgAAAAoAAAAKCAAAAACoWZBhAAAABGdBTUEAALGPC\/xhBQAAAAJiS0dEAP+Hj8y\/AAAAB3RJTUUH3wwIAAgyL\/YaPAAAACJJREFUCFtjfMbOAAQ\/gZiFnQPEBAEmGIMIJgtIL8QEgtoAIn4D\/96X1KAAAAAldEVYdGRhdGU6Y3JlYXRlADIwMTUtMTItMDhUMDA6MDg6NTArMDM6MDAasuuJAAAAJXRFWHRkYXRlOm1vZGlmeQAyMDE1LTEyLTA4VDAwOjA4OjUwKzAzOjAwa+9TNQAAAABJRU5ErkJggg==') repeat scroll 0% 0% !important;\" src=\"http:\/\/betatest.weplanag.ch\/wp-content\/uploads\/2017\/11\/002-Martin_Hort-300x200.jpg\" alt=\"\" width=\"300\" height=\"200\" srcset=\"https:\/\/weplanag.ch\/wp-content\/uploads\/2017\/11\/002-Martin_Hort-300x200.jpg 300w, https:\/\/weplanag.ch\/wp-content\/uploads\/2017\/11\/002-Martin_Hort-768x512.jpg 768w, https:\/\/weplanag.ch\/wp-content\/uploads\/2017\/11\/002-Martin_Hort-1024x683.jpg 1024w, https:\/\/weplanag.ch\/wp-content\/uploads\/2017\/11\/002-Martin_Hort.jpg 1500w\" sizes=\"auto, (max-width: 300px) 100vw, 300px\" \/>Martin Hort<br \/><\/strong><span style=\"font-size: 1rem;\">Dipl. Architekt FH<\/span><\/p>\n<p>T. 062 822 21 12<br \/><a href=\"mailto:mh@weplanag.ch\"> mh@weplanag.ch<\/a><\/p>\n\n\n<p><\/p>\n","protected":false},"excerpt":{"rendered":"<p>Patrik von D\u00e4nikenGesch\u00e4ftsf\u00fchrerDipl. Architekt FHCAS BauorganisationCAS Baukostenplanung T. 062 822 21 12 pvd@weplanag.ch Martin HortDipl. Architekt FH T. 062 822 21 12 mh@weplanag.ch<\/p>\n","protected":false},"author":1,"featured_media":0,"parent":0,"menu_order":0,"comment_status":"closed","ping_status":"closed","template":"","meta":{"footnotes":""},"class_list":["post-70","page","type-page","status-publish","hentry"],"_links":{"self":[{"href":"https:\/\/weplanag.ch\/index.php?rest_route=\/wp\/v2\/pages\/70","targetHints":{"allow":["GET"]}}],"collection":[{"href":"https:\/\/weplanag.ch\/index.php?rest_route=\/wp\/v2\/pages"}],"about":[{"href":"https:\/\/weplanag.ch\/index.php?rest_route=\/wp\/v2\/types\/page"}],"author":[{"embeddable":true,"href":"https:\/\/weplanag.ch\/index.php?rest_route=\/wp\/v2\/users\/1"}],"replies":[{"embeddable":true,"href":"https:\/\/weplanag.ch\/index.php?rest_route=%2Fwp%2Fv2%2Fcomments&post=70"}],"version-history":[{"count":35,"href":"https:\/\/weplanag.ch\/index.php?rest_route=\/wp\/v2\/pages\/70\/revisions"}],"predecessor-version":[{"id":640,"href":"https:\/\/weplanag.ch\/index.php?rest_route=\/wp\/v2\/pages\/70\/revisions\/640"}],"wp:attachment":[{"href":"https:\/\/weplanag.ch\/index.php?rest_route=%2Fwp%2Fv2%2Fmedia&parent=70"}],"curies":[{"name":"wp","href":"https:\/\/api.w.org\/{rel}","templated":true}]}}